{"id":2,"date":"2019-11-22T11:50:13","date_gmt":"2019-11-22T08:50:13","guid":{"rendered":"http:\/\/localhost\/wp\/?page_id=2"},"modified":"2024-12-27T15:38:08","modified_gmt":"2024-12-27T12:38:08","slug":"faq","status":"publish","type":"page","link":"https:\/\/fishermannavigator.com\/de\/faq\/","title":{"rendered":"H\u00e4ufig gestellte Fragen zur App"},"content":{"rendered":"\n<hr class=\"wp-block-separator has-alpha-channel-opacity\"\/>\n\n\n\n<h3 class=\"wp-block-heading faq-page-title\">Wovon h\u00e4ngt die Genauigkeit der Standortbestimmung ab?<\/h3>\n\n\n\n<p>Die Genauigkeit der Standortbestimmung h\u00e4ngt von der Leistung des GPS-Moduls in Ihrem Telefon und der Signalst\u00e4rke der Satelliten ab. Es gibt derzeit keine Tools, die die Genauigkeit softwareseitig verbessern k\u00f6nnten. Daher k\u00f6nnen wir sicher sagen, dass unsere App die Koordinaten so genau wie technisch m\u00f6glich f\u00fcr Ihr Ger\u00e4t bestimmt.<\/p>\n\n\n\n<hr class=\"wp-block-separator has-alpha-channel-opacity\"\/>\n\n\n\n<h3 class=\"wp-block-heading faq-page-title\">Kann die App ohne Internetverbindung funktionieren?<\/h3>\n\n\n\n<p>Ja, die App funktioniert ohne Internetverbindung. Bereits angezeigte Bereiche von Google Maps werden im Cache des Ger\u00e4ts gespeichert und sind offline zwischen mehreren Tagen und zwei Wochen verf\u00fcgbar. Au\u00dferdem unterst\u00fctzt die App die Nutzung von Offline-Karten, f\u00fcr die keine Internetverbindung erforderlich ist.<\/p>\n\n\n\n<hr class=\"wp-block-separator has-alpha-channel-opacity\"\/>\n\n\n\n<h3 class=\"wp-block-heading faq-page-title\">Welche Formate von Offline-Karten unterst\u00fctzt die App?<\/h3>\n\n\n\n<p>Derzeit unterst\u00fctzt die App folgende Offline-Kartenformate: <\/p>\n\n\n\n<ul class=\"wp-block-list\">\n<li>MBTiles-Format (von den Entwicklern empfohlen). <\/li>\n\n\n\n<li>OZF-Formate wie ozf, ozf2, ozf3, ozfx2 usw. mit der Georeferenzierungsdatei .map (von den Entwicklern empfohlen). <\/li>\n\n\n\n<li>Einzelbilder (.png oder .jpg) mit einer Georeferenzierungsdatei (.kml, .map oder .dat). <\/li>\n\n\n\n<li>Karten im \u201eCache\u201c-Format.<\/li>\n<\/ul>\n\n\n\n<hr class=\"wp-block-separator has-alpha-channel-opacity\"\/>\n\n\n\n<h3 class=\"wp-block-heading faq-page-title\">Wie verwendet man Offline-Karten?<\/h3>\n\n\n\n<p>Eine detaillierte Anleitung zur Arbeit mit Offline-Karten finden Sie in <a href=\"https:\/\/fishermannavigator.com\/2019\/12\/24\/%d1%80%d0%b0%d0%b1%d0%be%d1%82%d0%b0-%d1%81%d0%be-%d1%81%d1%82%d0%be%d1%80%d0%bd%d0%bd%d0%b8%d0%bc%d0%b8-%d0%ba%d0%b0%d1%80%d1%82%d0%b0%d0%bc%d0%b8\/\">diesem Artikel<\/a>.<\/p>\n\n\n\n<hr class=\"wp-block-separator has-alpha-channel-opacity\"\/>\n\n\n\n<h3 class=\"wp-block-heading faq-page-title\">Funktioniert die App mit Yandex Maps im Online-Modus?<\/h3>\n\n\n\n<p>Die M\u00f6glichkeit, Yandex Maps im Online-Modus zu nutzen, ist f\u00fcr zuk\u00fcnftige Updates geplant.<\/p>\n\n\n\n<hr class=\"wp-block-separator has-alpha-channel-opacity\"\/>\n\n\n\n<h3 class=\"wp-block-heading faq-page-title\">Wie ruft man das Kartenmen\u00fc auf?<\/h3>\n\n\n\n<p>Das Kartenmen\u00fc wird durch Dr\u00fccken der systemeigenen \u201eMen\u00fc\u201c-Taste unter dem Bildschirm aufgerufen. Falls Ihr Ger\u00e4t keine solche Taste hat, erscheint unten auf dem Bildschirm eine runde blaue Schaltfl\u00e4che mit dem Buchstaben \u201eM\u201c, die das Kartenmen\u00fc darstellt.<\/p>\n\n\n\n<figure class=\"wp-block-image size-large\"><img loading=\"lazy\" decoding=\"async\" width=\"271\" height=\"477\" src=\"https:\/\/fishermannavigator.com\/wp-content\/uploads\/2019\/11\/unnamed-11.png\" alt=\"\" class=\"wp-image-148\" srcset=\"https:\/\/fishermannavigator.com\/wp-content\/uploads\/2019\/11\/unnamed-11.png 271w, https:\/\/fishermannavigator.com\/wp-content\/uploads\/2019\/11\/unnamed-11-170x300.png 170w\" sizes=\"auto, (max-width: 271px) 100vw, 271px\" \/><\/figure>\n\n\n\n<hr class=\"wp-block-separator has-alpha-channel-opacity\"\/>\n\n\n\n<h3 class=\"wp-block-heading faq-page-title\">Wie arbeitet man mit Ebenen?<\/h3>\n\n\n\n<p>Das l\u00e4sst sich am besten anhand von Bildern erkl\u00e4ren.<\/p>\n\n\n\n<figure class=\"wp-block-gallery has-nested-images columns-4 is-cropped wp-block-gallery-1 is-layout-flex wp-block-gallery-is-layout-flex\">\n<figure class=\"wp-block-image size-large\"><img loading=\"lazy\" decoding=\"async\" width=\"271\" height=\"478\" data-id=\"145\" src=\"https:\/\/fishermannavigator.com\/wp-content\/uploads\/2019\/11\/unnamed-7-2.png\" alt=\"\" class=\"wp-image-145\" srcset=\"https:\/\/fishermannavigator.com\/wp-content\/uploads\/2019\/11\/unnamed-7-2.png 271w, https:\/\/fishermannavigator.com\/wp-content\/uploads\/2019\/11\/unnamed-7-2-170x300.png 170w\" sizes=\"auto, (max-width: 271px) 100vw, 271px\" \/><\/figure>\n\n\n\n<figure class=\"wp-block-image size-large\"><img loading=\"lazy\" decoding=\"async\" width=\"271\" height=\"475\" data-id=\"146\" src=\"https:\/\/fishermannavigator.com\/wp-content\/uploads\/2019\/11\/unnamed-8-2.png\" alt=\"\" class=\"wp-image-146\" srcset=\"https:\/\/fishermannavigator.com\/wp-content\/uploads\/2019\/11\/unnamed-8-2.png 271w, https:\/\/fishermannavigator.com\/wp-content\/uploads\/2019\/11\/unnamed-8-2-171x300.png 171w\" sizes=\"auto, (max-width: 271px) 100vw, 271px\" \/><\/figure>\n\n\n\n<figure class=\"wp-block-image size-large\"><img loading=\"lazy\" decoding=\"async\" width=\"271\" height=\"475\" data-id=\"143\" src=\"https:\/\/fishermannavigator.com\/wp-content\/uploads\/2019\/11\/unnamed-9-3.png\" alt=\"\" class=\"wp-image-143\" srcset=\"https:\/\/fishermannavigator.com\/wp-content\/uploads\/2019\/11\/unnamed-9-3.png 271w, https:\/\/fishermannavigator.com\/wp-content\/uploads\/2019\/11\/unnamed-9-3-171x300.png 171w\" sizes=\"auto, (max-width: 271px) 100vw, 271px\" \/><\/figure>\n\n\n\n<figure class=\"wp-block-image size-large\"><img loading=\"lazy\" decoding=\"async\" width=\"271\" height=\"477\" data-id=\"144\" src=\"https:\/\/fishermannavigator.com\/wp-content\/uploads\/2019\/11\/unnamed-10-3.png\" alt=\"\" class=\"wp-image-144\" srcset=\"https:\/\/fishermannavigator.com\/wp-content\/uploads\/2019\/11\/unnamed-10-3.png 271w, https:\/\/fishermannavigator.com\/wp-content\/uploads\/2019\/11\/unnamed-10-3-170x300.png 170w\" sizes=\"auto, (max-width: 271px) 100vw, 271px\" \/><\/figure>\n<\/figure>\n\n\n\n<hr class=\"wp-block-separator has-alpha-channel-opacity\"\/>\n\n\n\n<h3 class=\"wp-block-heading faq-page-title\">Wie verwendet man den \u201ePunkt-Suchmodus\u201c?<\/h3>\n\n\n\n<p>Diese Funktion hilft, Punkte abseits von Stra\u00dfen zu finden: auf dem Wasser, im Wald usw., dort, wo ein normaler Navigator wenig n\u00fctzlich ist. Der \u201ePunkt-Suchmodus\u201c f\u00fchrt Sie direkt zum Punkt und gibt Sprachansagen \u00fcber die Richtung und die verbleibende Entfernung. <\/p>\n\n\n\n<p>W\u00e4hlen Sie den gew\u00fcnschten Punkt aus. <\/p>\n\n\n\n<p>Tippen Sie darauf, um das Men\u00fc anzuzeigen.<\/p>\n\n\n\n<p> W\u00e4hlen Sie im Men\u00fc die Option \u201ePunkt-Suchmodus\u201c.<\/p>\n\n\n\n<figure class=\"wp-block-gallery has-nested-images columns-default is-cropped wp-block-gallery-2 is-layout-flex wp-block-gallery-is-layout-flex\">\n<figure class=\"wp-block-image size-large\"><img loading=\"lazy\" decoding=\"async\" width=\"271\" height=\"524\" data-id=\"122\" src=\"https:\/\/fishermannavigator.com\/wp-content\/uploads\/2019\/11\/unnamed-3.png\" alt=\"\" class=\"wp-image-122\" srcset=\"https:\/\/fishermannavigator.com\/wp-content\/uploads\/2019\/11\/unnamed-3.png 271w, https:\/\/fishermannavigator.com\/wp-content\/uploads\/2019\/11\/unnamed-3-155x300.png 155w\" sizes=\"auto, (max-width: 271px) 100vw, 271px\" \/><\/figure>\n\n\n\n<figure class=\"wp-block-image size-large\"><img loading=\"lazy\" decoding=\"async\" width=\"271\" height=\"525\" data-id=\"124\" src=\"https:\/\/fishermannavigator.com\/wp-content\/uploads\/2019\/11\/unnamed-4-1.png\" alt=\"\" class=\"wp-image-124\" srcset=\"https:\/\/fishermannavigator.com\/wp-content\/uploads\/2019\/11\/unnamed-4-1.png 271w, https:\/\/fishermannavigator.com\/wp-content\/uploads\/2019\/11\/unnamed-4-1-155x300.png 155w\" sizes=\"auto, (max-width: 271px) 100vw, 271px\" \/><\/figure>\n<\/figure>\n\n\n\n<hr class=\"wp-block-separator has-alpha-channel-opacity\"\/>\n\n\n\n<h3 class=\"wp-block-heading faq-page-title\">Wie misst man Entfernungen zwischen Punkten?<\/h3>\n\n\n\n<p>Im Kartenmen\u00fc finden Sie die Option \u201eLineal\u201c. Nach Auswahl erscheinen zwei Marker und eine Linie dazwischen. Durch langes Dr\u00fccken k\u00f6nnen Sie die Marker verschieben und Entfernungen messen.<\/p>\n\n\n\n<figure class=\"wp-block-gallery has-nested-images columns-default is-cropped wp-block-gallery-3 is-layout-flex wp-block-gallery-is-layout-flex\">\n<figure class=\"wp-block-image size-large\"><img loading=\"lazy\" decoding=\"async\" width=\"271\" height=\"480\" data-id=\"114\" src=\"https:\/\/fishermannavigator.com\/wp-content\/uploads\/2019\/11\/unnamed-1-1.png\" alt=\"\" class=\"wp-image-114\" srcset=\"https:\/\/fishermannavigator.com\/wp-content\/uploads\/2019\/11\/unnamed-1-1.png 271w, https:\/\/fishermannavigator.com\/wp-content\/uploads\/2019\/11\/unnamed-1-1-169x300.png 169w\" sizes=\"auto, (max-width: 271px) 100vw, 271px\" \/><\/figure>\n\n\n\n<figure class=\"wp-block-image size-large\"><img loading=\"lazy\" decoding=\"async\" width=\"271\" height=\"478\" data-id=\"115\" src=\"https:\/\/fishermannavigator.com\/wp-content\/uploads\/2019\/11\/unnamed-2.png\" alt=\"\" class=\"wp-image-115\" srcset=\"https:\/\/fishermannavigator.com\/wp-content\/uploads\/2019\/11\/unnamed-2.png 271w, https:\/\/fishermannavigator.com\/wp-content\/uploads\/2019\/11\/unnamed-2-170x300.png 170w\" sizes=\"auto, (max-width: 271px) 100vw, 271px\" \/><\/figure>\n<\/figure>\n\n\n\n<hr class=\"wp-block-separator has-alpha-channel-opacity\"\/>\n\n\n\n<h3 class=\"wp-block-heading faq-page-title\">Wie zeigt man eine Track-Beschreibung an oder \u00f6ffnet einen Track auf der Karte?<\/h3>\n\n\n\n<p>Men\u00fc \u2192 Gespeicherte Tracks, dann den gew\u00fcnschten Track ausw\u00e4hlen. Durch Tippen auf den Listeneintrag gelangen Sie zur Beschreibung des Tracks. Um den Track auf der Karte anzuzeigen, klicken Sie auf den gr\u00fcnen Kreis neben der L\u00e4nge des Tracks.<\/p>\n\n\n\n<figure class=\"wp-block-image size-large faq-page-img\"><img loading=\"lazy\" decoding=\"async\" width=\"271\" height=\"480\" src=\"https:\/\/fishermannavigator.com\/wp-content\/uploads\/2019\/11\/unnamed.png\" alt=\"\" class=\"wp-image-109\" srcset=\"https:\/\/fishermannavigator.com\/wp-content\/uploads\/2019\/11\/unnamed.png 271w, https:\/\/fishermannavigator.com\/wp-content\/uploads\/2019\/11\/unnamed-169x300.png 169w\" sizes=\"auto, (max-width: 271px) 100vw, 271px\" \/><\/figure>\n\n\n\n<hr class=\"wp-block-separator has-alpha-channel-opacity\"\/>\n\n\n\n<h3 class=\"wp-block-heading faq-page-title\">Die App erkennt die Speicherkarte nicht. Was tun?<\/h3>\n\n\n\n<p>Unter den vielen Android-Ger\u00e4ten gibt es solche, bei denen die Adressen der Speicherkarte erheblich von den Standards abweichen. In seltenen F\u00e4llen kann die App daher den Pfad zur entfernten Speicherkarte nicht finden. Falls dieses Problem bei Ihnen auftritt, senden Sie bitte eine E-Mail an <a>zakorchook.play@gmail.com<\/a> und geben Sie das Modell Ihres Ger\u00e4ts sowie den Kartentyp an, oder hinterlassen Sie einfach einen Kommentar in der Gruppe. Mit Ihrer Hilfe werden wir diesen Fehler in den n\u00e4chsten Updates vollst\u00e4ndig beheben.<\/p>\n\n\n\n<hr class=\"wp-block-separator has-alpha-channel-opacity\"\/>\n\n\n\n<h3 class=\"wp-block-heading faq-page-title\">Wie exportiert man Punkte (Tracks)?<\/h3>\n\n\n\n<p>In der App k\u00f6nnen Sie entweder alle Punkte (Tracks) gleichzeitig oder einzeln exportieren.<\/p>\n\n\n\n<p><strong>Gleichzeitiger Export aller Punkte:<\/strong> Seitenmen\u00fc \u2192 Export\/Import \u2192 Punkte exportieren (Tracks exportieren). Die Daten werden im Ordner \u201eGPX_EXPORT\u201c gespeichert, von wo aus Sie sie auf beliebige Weise weiterleiten k\u00f6nnen.<\/p>\n\n\n\n<p><strong>Export eines bestimmten Punktes (Tracks):<\/strong> Seitenmen\u00fc \u2192 Punkte (Tracks). W\u00e4hlen Sie dann den gew\u00fcnschten Punkt (Track) aus, halten Sie ihn gedr\u00fcckt und w\u00e4hlen Sie im angezeigten Men\u00fc den Punkt \u201eExport\u201c. Weitere Details zu anderen Methoden des \u00dcbertragens von Punkten und Tracks finden Sie in <a href=\"https:\/\/fishermannavigator.com\/2019\/12\/24\/%d0%ba%d0%b0%d0%ba-%d0%bf%d0%b5%d1%80%d0%b5%d0%b4%d0%b0%d0%b2%d0%b0%d1%82%d1%8c-%d1%81%d0%b2%d0%be%d0%b8-%d1%82%d0%be%d1%87%d0%ba%d0%b8-%d0%b8-%d1%82%d1%80%d0%b5%d0%ba%d0%b8\/\">diesem Artikel<\/a>.<\/p>\n\n\n\n<hr class=\"wp-block-separator has-alpha-channel-opacity\"\/>\n\n\n\n<h3 class=\"wp-block-heading faq-page-title\">Wie importiert man Punkte (Tracks)?<\/h3>\n\n\n\n<p>Seitenmen\u00fc \u2192 Export\/Import \u2192 Import. Die App fordert Sie auf, den gew\u00fcnschten Punkt (Track) aus Ihren Downloads auszuw\u00e4hlen.<\/p>\n\n\n\n<hr class=\"wp-block-separator has-alpha-channel-opacity\"\/>\n\n\n\n<h3 class=\"wp-block-heading faq-page-title\">Wo kann man Informationen zu einem Punkt einsehen?<\/h3>\n\n\n\n<p>Klicken Sie auf den Punkt, um dessen Men\u00fc zu \u00f6ffnen, und w\u00e4hlen Sie dort \u201eBeschreibung\u201c.<\/p>\n\n\n\n<hr class=\"wp-block-separator has-alpha-channel-opacity\"\/>\n\n\n\n<h3 class=\"wp-block-heading faq-page-title\">Kann man Punkte und Tracks wiederherstellen, wenn die App versehentlich vom Ger\u00e4t gel\u00f6scht wurde?<\/h3>\n\n\n\n<p>Wenn Sie Ihre Punkte nicht vorher gespeichert haben, ist dies nicht m\u00f6glich. Um solche unangenehmen Situationen zu vermeiden, empfehlen wir, Punkte auf dem Computer zu exportieren oder sie auf Google Drive zu speichern.<\/p>\n\n\n\n<hr class=\"wp-block-separator has-alpha-channel-opacity\"\/>\n\n\n\n<h3 class=\"wp-block-heading faq-page-title\">Wie gibt man Koordinaten manuell ein?<\/h3>\n\n\n\n<p>Seitenmen\u00fc \u2192 Koordinaten speichern. Geben Sie dann manuell die Breite und L\u00e4nge des gew\u00fcnschten Punktes ein. Achten Sie auf das Format der eingegebenen Koordinaten. Indem Sie das H\u00e4kchen oben im Fenster \u00e4ndern, w\u00e4hlen Sie das Koordinateneingabeformat \u2013 Grad, Grad-Minuten oder Grad-Minuten-Sekunden.<\/p>\n\n\n\n<hr class=\"wp-block-separator has-alpha-channel-opacity\"\/>\n\n\n\n<h3 class=\"wp-block-heading faq-page-title\">Die App ist kostenlos, aber wie kann man dem Entwickler danken und die App noch besser machen?<\/h3>\n\n\n\n<p>Wir m\u00f6chten unsere App nicht mit Werbung \u00fcberladen und sind nicht eilig, eine kostenpflichtige Version herauszubringen. Um die Entwicklung der App zu f\u00f6rdern, k\u00f6nnen Sie jedoch immer die Schaltfl\u00e4che \u201eBier f\u00fcr den Entwickler\u201c im Seitenmen\u00fc der App nutzen oder eine Spende an folgende Adressen senden:<\/p>\n\n\n<div class=\"wp-block-image\">\n<figure class=\"aligncenter size-large\"><img loading=\"lazy\" decoding=\"async\" width=\"552\" height=\"554\" src=\"https:\/\/fishermannavigator.com\/wp-content\/uploads\/2019\/12\/susanin.jpg\" alt=\"\" class=\"wp-image-226\" srcset=\"https:\/\/fishermannavigator.com\/wp-content\/uploads\/2019\/12\/susanin.jpg 552w, https:\/\/fishermannavigator.com\/wp-content\/uploads\/2019\/12\/susanin-300x300.jpg 300w, https:\/\/fishermannavigator.com\/wp-content\/uploads\/2019\/12\/susanin-150x150.jpg 150w\" sizes=\"auto, (max-width: 552px) 100vw, 552px\" \/><\/figure><\/div>\n\n\n<p>WebMoney: Z244865973949<\/p>\n\n\n\n<p>Kiwi: 9112996700<\/p>\n\n\n\n<p>Spenden f\u00f6rdern die Entwicklung neuer n\u00fctzlicher Funktionen in der App und die Verbesserung bestehender Funktionen.<\/p>\n","protected":false},"excerpt":{"rendered":"<p>Wovon h\u00e4ngt die Genauigkeit der Standortbestimmung ab? Die Genauigkeit der Standortbestimmung h\u00e4ngt von der Leistung des GPS-Moduls in Ihrem Telefon und der Signalst\u00e4rke der Satelliten ab. Es gibt derzeit keine Tools, die die Genauigkeit softwareseitig verbessern k\u00f6nnten. Daher k\u00f6nnen wir sicher sagen, dass unsere App die Koordinaten so genau wie technisch m\u00f6glich f\u00fcr Ihr Ger\u00e4t [&hellip;]<\/p>\n","protected":false},"author":1,"featured_media":0,"parent":0,"menu_order":0,"comment_status":"closed","ping_status":"open","template":"","meta":{"footnotes":""},"class_list":["post-2","page","type-page","status-publish","hentry"],"translation":{"provider":"WPGlobus","version":"3.0.0","language":"de","enabled_languages":["ru","en","ua","de"],"languages":{"ru":{"title":true,"content":true,"excerpt":false},"en":{"title":true,"content":true,"excerpt":false},"ua":{"title":true,"content":true,"excerpt":false},"de":{"title":true,"content":true,"excerpt":false}}},"_links":{"self":[{"href":"https:\/\/fishermannavigator.com\/de\/wp-json\/wp\/v2\/pages\/2","targetHints":{"allow":["GET"]}}],"collection":[{"href":"https:\/\/fishermannavigator.com\/de\/wp-json\/wp\/v2\/pages"}],"about":[{"href":"https:\/\/fishermannavigator.com\/de\/wp-json\/wp\/v2\/types\/page"}],"author":[{"embeddable":true,"href":"https:\/\/fishermannavigator.com\/de\/wp-json\/wp\/v2\/users\/1"}],"replies":[{"embeddable":true,"href":"https:\/\/fishermannavigator.com\/de\/wp-json\/wp\/v2\/comments?post=2"}],"version-history":[{"count":42,"href":"https:\/\/fishermannavigator.com\/de\/wp-json\/wp\/v2\/pages\/2\/revisions"}],"predecessor-version":[{"id":792,"href":"https:\/\/fishermannavigator.com\/de\/wp-json\/wp\/v2\/pages\/2\/revisions\/792"}],"wp:attachment":[{"href":"https:\/\/fishermannavigator.com\/de\/wp-json\/wp\/v2\/media?parent=2"}],"curies":[{"name":"wp","href":"https:\/\/api.w.org\/{rel}","templated":true}]}}