{"id":19,"date":"2019-11-24T13:40:48","date_gmt":"2019-11-24T10:40:48","guid":{"rendered":"http:\/\/localhost\/wp\/?page_id=19"},"modified":"2024-12-27T17:04:57","modified_gmt":"2024-12-27T14:04:57","slug":"terms-of-use","status":"publish","type":"page","link":"https:\/\/fishermannavigator.com\/de\/terms-of-use\/","title":{"rendered":"Nutzungsbedingungen"},"content":{"rendered":"\n<p>Die folgenden Nutzungsbedingungen von Fisherman Navigator sind eine Vereinbarung (die \u201eVereinbarung\u201c) zwischen Ihnen und unserem Team (das \u201eTeam\u201c, \u201eWir\u201c, \u201eUnser\u201c) und regeln Ihre Nutzung der Dienste und Werkzeuge von Fisherman Navigator, einschlie\u00dflich der Client-Software von Fisherman Navigator f\u00fcr mobile oder andere Plattformen, die vom Team bereitgestellt werden k\u00f6nnen, der Fisherman Navigator Produkte, der Tools und aller anderen Fisherman Navigator Anwendungen, Dienste, Software, Komponenten, Funktionen, Programme, die vom Team bereitgestellt werden (zusammenfassend die \u201eFisherman Navigator Dienste\u201c).<\/p>\n\n\n\n<p>Ihre Nutzung der Fisherman Navigator Dienste unterliegt dieser Vereinbarung sowie der online verf\u00fcgbaren Datenschutzerkl\u00e4rung. Durch die Nutzung der Fisherman Navigator Dienste stimmen Sie ausdr\u00fccklich diesen Nutzungsbedingungen und der Datenschutzerkl\u00e4rung zu.<\/p>\n\n\n\n<h3 class=\"wp-block-heading terms-page-title\">Aktualisierungen<\/h3>\n\n\n\n<p>Die Fisherman Navigator Dienste oder Teile davon, einschlie\u00dflich, aber nicht beschr\u00e4nkt auf jede Version der Software, die auf Ihrem Mobilger\u00e4t installiert ist, k\u00f6nnen jederzeit, vor\u00fcbergehend oder dauerhaft, ohne Vorank\u00fcndigung, aus beliebigen Gr\u00fcnden oder ohne Grund vom Team nach eigenem Ermessen ge\u00e4ndert, aktualisiert, erg\u00e4nzt, eingeschr\u00e4nkt oder eingestellt werden (\u201eAktualisierungen\u201c). Sie stimmen zu, die Risiken zu tragen und Fisherman Navigator von jeglichen und allen Auswirkungen, die die Aktualisierungen auf Sie und Ihre F\u00e4higkeit zur Nutzung der Software und der Fisherman Navigator Dienste, ganz oder teilweise, als Fahrzeugnavigationssystem oder f\u00fcr jegliche angemessene Informationssuche haben k\u00f6nnten, schadlos zu halten.<\/p>\n\n\n\n<h3 class=\"wp-block-heading\">Nutzungsbeschr\u00e4nkungen<\/h3>\n\n\n\n<p>Sie d\u00fcrfen die Funktionen, Angebote und Inhalte der Fisherman Navigator Dienste nur f\u00fcr rechtm\u00e4\u00dfige Zwecke nutzen. Sie d\u00fcrfen nicht (1) Informationen eingeben, um eine andere Person zu imitieren, (2) die geistigen Eigentumsrechte einer Person verletzen, (3) anst\u00f6\u00dfige Details eingeben oder (4) Fisherman Navigator f\u00fcr illegale Zwecke nutzen.<\/p>\n\n\n\n<p>Dar\u00fcber hinaus stimmen Sie zu, keine Werbung oder andere Funktionen, die einen integralen Bestandteil der Software und der Fisherman Navigator Dienste bilden, zu blockieren, zu deaktivieren oder anderweitig zu beeintr\u00e4chtigen. Zus\u00e4tzlich d\u00fcrfen Sie keine Software erstellen oder Teile der Fisherman Navigator Dienste in irgendeine Software einbauen oder die Kommunikation zwischen den Fisherman Navigator Diensten und einem anderen Dienst erm\u00f6glichen, au\u00dfer wie vom Team ausdr\u00fccklich erlaubt.<\/p>\n\n\n\n<h3 class=\"wp-block-heading terms-page-title\">Eigentumsrechte<\/h3>\n\n\n\n<p>Unser Team, seine Lizenzgeber und Partner besitzen alle geistigen Eigentumsrechte an den Fisherman Navigator Diensten und den propriet\u00e4ren Datenbanken, einschlie\u00dflich, aber nicht beschr\u00e4nkt auf Fisherman Navigator Komponenten und Algorithmen sowie den Zugriff auf die Serverkomplexe der Fisherman Navigator Dienste, mit Ausnahme von geistigen Eigentumsrechten, die von Partnern an Fisherman Navigator vergeben wurden und durch zus\u00e4tzliche Vereinbarungen geregelt sind.<\/p>\n\n\n\n<p>Sie d\u00fcrfen die Inhalte von Fisherman Navigator oder Teile davon, einschlie\u00dflich Drittanbieter-Komponenten, nicht r\u00fcckentwickeln, dekompilieren, modifizieren, ver\u00f6ffentlichen, \u00fcbertragen, anzeigen, an \u00dcbertragungen oder Verk\u00e4ufen teilnehmen, abgeleitete Werke erstellen oder in irgendeiner Weise ausnutzen. Das Deaktivieren oder Umgehen jeglicher Zugangskontrollen, Sicherheits- oder Datenschutzmechanismen von Fisherman Navigator oder seinen Komponenten ist verboten.<\/p>\n\n\n\n<p>Sofern nicht ausdr\u00fccklich durch das Urheberrecht gestattet, d\u00fcrfen Sie keine Materialien, die Fisherman Navigator geh\u00f6ren, ohne ausdr\u00fcckliche Genehmigung des Teams kopieren, weiterverteilen, ver\u00f6ffentlichen, anzeigen oder kommerziell nutzen.<\/p>\n\n\n\n<p>In dieser Vereinbarung wird Ihnen weder ausdr\u00fccklich noch stillschweigend eine Lizenz zur Nutzung von Marken, Dienstleistungsmarken, Namen oder Logos von Fisherman Navigator gew\u00e4hrt.<\/p>\n\n\n\n<h3 class=\"wp-block-heading\">Datenschutzerkl\u00e4rung<\/h3>\n\n\n\n<p>Damit Sie sich bei der Nutzung der Fisherman Navigator Dienste wohlf\u00fchlen, hat unser Team eine Datenschutzerkl\u00e4rung \u00fcbernommen, die regelt, wie wir die von Ihnen gesammelten Informationen verarbeiten und behandeln. Durch Ihre Nutzung der Fisherman Navigator Dienste autorisieren Sie die Sammlung, Nutzung und Offenlegung von Informationen durch uns gem\u00e4\u00df der dann g\u00fcltigen Datenschutzerkl\u00e4rung und dieser Vereinbarung.<\/p>\n\n\n\n<h3 class=\"wp-block-heading terms-page-title\">Andere Dienste<\/h3>\n\n\n\n<p>Die Fisherman Navigator Dienste k\u00f6nnen Funktionen, Funktionalit\u00e4ten und\/oder Angebote von Drittanbietern enthalten, die Sie verkn\u00fcpfen oder Ihnen bestimmte Referenzen, Funktionen oder Produkte von Drittanbietern bereitstellen (\u201eAndere Dienste\u201c). Diese Anderen Dienste werden nur als Bequemlichkeit bereitgestellt. Die Anderen Dienste werden in keiner Weise vom Team kontrolliert und unser Team ist nicht verantwortlich f\u00fcr den Inhalt solcher Anderen Dienste, Links darin enthaltene Links oder f\u00fcr die Leistung, Verf\u00fcgbarkeit oder Qualit\u00e4t jeglicher Anderen Dienste. Wenn Sie sich entscheiden, solche Anderen Dienste zu installieren und\/oder zu nutzen, unterliegt Ihre Nutzung den Lizenzvereinbarungen, Nutzungsbedingungen und der Datenschutzerkl\u00e4rung dieser Anderen Dienste. Wir gew\u00e4hrleisten nicht, dass die \u00fcber das Netzwerk Anderer Dienste gesendeten Informationen ihr Ziel erreichen oder dass die Details des Empf\u00e4ngers oder Absenders korrekt oder genau sind. Dar\u00fcber hinaus impliziert das Angebot dieser Funktionen keine Billigung der Anderen Dienste. Des Weiteren unterst\u00fctzen wir keinen Dienst oder kein Produkt, das von Dritten beworben wird, die durch die Fisherman Navigator Dienste werben. In keinem Fall haftet das Team gegen\u00fcber jemandem f\u00fcr Sch\u00e4den, die aus der Erstellung oder Nutzung der Anderen Dienste oder der \u00fcber die Anderen Dienste abgerufenen oder gelieferten Informationen oder Materialien entstehen.<\/p>\n\n\n\n<h3 class=\"wp-block-heading terms-page-title\">Gew\u00e4hrleistungsausschluss<\/h3>\n\n\n\n<p>DIE Fisherman Navigator DIENSTE UND SOFTWARE WERDEN AUF EINER \u201eWIE BESEHEN, WIE VERF\u00dcGBAR\u201c BASIS BEREITGESTELLT. WIR MACHEN KEINE UND DISKLANZIEREN HIERMIT ALLE GEW\u00c4HRLEISTUNGEN, AUSDR\u00dcCKLICH ODER STILLSCHWEIGEND, EINSCHLIESSLICH, ABER NICHT BESCHR\u00c4NKT AUF DIE GEW\u00c4HRLEISTUNGEN DER MARKTF\u00c4HIGKEIT, DER NICHTVERLETZUNG, DES TITELS, DER GENAUIGKEIT UND DER EIGNUNG F\u00dcR EINEN BESTIMMTEN ZWECK, ES SEI DENN, SOLCHE GEW\u00c4HRLEISTUNGEN SIND RECHTSUNF\u00c4HIG ZUR AUSSCHLAGUNG. WIR GEW\u00c4HRLEISTEN NICHT, GARANTIEREN ODER MACHEN IRGENDEINE ZUSICHERUNGEN BEZ\u00dcGLICH DER NUTZUNG, DER VERF\u00dcGBARKEIT ODER DER ZUVERL\u00c4SSIGKEIT DER SOFTWARE ODER DER Fisherman Navigator DIENSTE, ES SEI DENN, SOLCHE GEW\u00c4HRLEISTUNGEN SIND RECHTSUNF\u00c4HIG ZUR AUSSCHLAGUNG. DAS GESAMTE RISIKO IN BEZUG AUF DIE ERGEBNISSE UND DIE LEISTUNG DER SOFTWARE UND DER Fisherman Navigator DIENSTE LIEGT BEI IHNEN.<\/p>\n\n\n\n<p>Wir garantieren oder gew\u00e4hrleisten nicht, dass alle Softwareversionen mit \u00e4hnlichen Servicegraden und -niveaus, Funktionen, Funktionalit\u00e4ten und der F\u00e4higkeit zur Nutzung der Fisherman Navigator Dienste bereitgestellt werden. Wir garantieren oder gew\u00e4hrleisten nicht (1), dass ein Programm oder Informationen frei von Viren, W\u00fcrmern, Trojanern oder anderen sch\u00e4dlichen oder zerst\u00f6rerischen Eigenschaften sind; (2), dass die Fisherman Navigator Dienste und die vom Team durchgef\u00fchrten Funktionen oder Dienste ununterbrochen oder fehlerfrei sind; oder (3), dass Fehler in den Fisherman Navigator Diensten behoben werden. Sie sind allein daf\u00fcr verantwortlich, Software und Informationen zu isolieren, Anti-Kontaminations-Software auszuf\u00fchren und sonstige Schritte zu unternehmen, um sicherzustellen, dass Software oder Informationen, falls sie kontaminiert oder infiziert sind, Ihre Informationen oder Ihr System nicht besch\u00e4digen.<\/p>\n\n\n\n<h3 class=\"wp-block-heading\">Sicherheits- und Datenschutzbeschr\u00e4nkungen<\/h3>\n\n\n\n<p>Bitte beachten Sie, dass die Fisherman Navigator Dienste, wie die meisten Internetanwendungen, anf\u00e4llig f\u00fcr verschiedene Sicherheitsprobleme sind und daher als unsicher betrachtet werden sollten. Durch die Nutzung der Fisherman Navigator Dienste und des Internets im Allgemeinen k\u00f6nnen Sie verschiedenen Risiken ausgesetzt sein, einschlie\u00dflich, aber nicht beschr\u00e4nkt auf:<\/p>\n\n\n\n<ul class=\"wp-block-list\">\n<li>Zugang zu anst\u00f6\u00dfigem Material und\/oder Parteien, einschlie\u00dflich, aber nicht beschr\u00e4nkt auf kontaminierte Dateien.<\/li>\n\n\n\n<li>Unbefugte Verletzung Ihrer Privatsph\u00e4re w\u00e4hrend oder als Folge Ihrer Nutzung oder der Nutzung des Systems durch andere.<\/li>\n\n\n\n<li>Spoofing, Abh\u00f6ren, Sniffing, Spam, Knacken von Passw\u00f6rtern, Bel\u00e4stigung, Betrug, F\u00e4lschung, \u201eImitation\u201c, elektronischer Hausfriedensbruch, Manipulation, Hacking, Nuking, Systemkontamination einschlie\u00dflich, aber nicht beschr\u00e4nkt auf die Nutzung von Viren, W\u00fcrmern und Trojanern, die unbefugten, sch\u00e4dlichen oder sch\u00e4dlichen Zugang und\/oder die Abholung von Informationen und Daten auf Ihrem Computer (oder einem anderen Ger\u00e4t) verursachen, und andere Aktivit\u00e4ten, die sogar als rechtswidrig angesehen werden k\u00f6nnen.<\/li>\n\n\n\n<li>Unbefugte Offenlegung von Informationen und Material, die Sie auf oder durch das System an andere Benutzer, die \u00d6ffentlichkeit oder andere spezifische Entit\u00e4ten gesendet oder aufgelistet haben, f\u00fcr die die Informationen und das Material nicht von Ihnen beabsichtigt waren.<\/li>\n\n\n\n<li>Dass Informationen, Daten oder Nachrichten ihr Ziel nicht erreichen oder an eine falsche Adresse oder einen falschen Empf\u00e4nger gelangen und von solchen Empf\u00e4ngern eingesehen werden k\u00f6nnen.<\/li>\n\n\n\n<li>Herunterladen von Viren oder anderen Dateien von anderen Benutzern, die Ihr Ger\u00e4t besch\u00e4digen k\u00f6nnen.<\/li>\n\n\n\n<li>Andere k\u00f6nnen in der Lage sein, Ihre IP-Adresse oder Ihren Standort zu sehen.<\/li>\n<\/ul>\n\n\n\n<p>Sie erkennen an, dass Sie sich der Risiken und Beschr\u00e4nkungen der Fisherman Navigator Dienste bewusst sind und dass, w\u00e4hrend wir unser Bestes tun, um Ihnen bestimmte Sicherheits- und Datenschutzfunktionen bereitzustellen, diese Funktionen Ihnen nur als Bequemlichkeit bereitgestellt werden und m\u00f6glicherweise nicht wie beschrieben funktionieren oder \u00fcberhaupt nicht funktionieren. Wenn Sie nicht den genannten Risiken ausgesetzt sein m\u00f6chten, wird Ihnen geraten, die Nutzung der Fisherman Navigator Dienste zu unterlassen. Dar\u00fcber hinaus verwenden Sie die Fisherman Navigator Dienste bitte nicht f\u00fcr \u201ekritische Missionen\u201c oder \u201einhaltsempfindliche\u201c Anwendungen und Zwecke. F\u00fcr den Zweck dieses Abschnitts bedeuten \u201ekritische Missionen\u201c Anwendungen und Nutzungen, die zu Sch\u00e4den f\u00fchren k\u00f6nnen; \u201einhaltsempfindlich\u201c bedeutet jegliche Informationen oder Daten, die Sie nicht frei zug\u00e4nglich und allgemein verf\u00fcgbar f\u00fcr Internetnutzer sein m\u00f6chten.<\/p>\n\n\n\n<h3 class=\"wp-block-heading terms-page-title\">Geb\u00fchrenrichtlinien<\/h3>\n\n\n\n<p>Sofern Ihnen nicht ausdr\u00fccklich mitgeteilt, werden die Fisherman Navigator Dienste Ihnen kostenlos bereitgestellt. Wir k\u00f6nnen jedoch Geb\u00fchren f\u00fcr einige erweiterte Funktionen der Fisherman Navigator Dienste erheben. Wenn Zahlungen f\u00fcr Materialien, Ausr\u00fcstungen, Produkte oder Dienstleistungen geleistet wurden, die einen Teil der Fisherman Navigator Dienste b\u00fcndeln oder anbieten, oder f\u00fcr den Zugriff auf die Fisherman Navigator Dienste \u00fcber eine Plattform oder ein Netzwerk (einschlie\u00dflich Telefon- oder Kommunikationsgeb\u00fchren), erkennen Sie an, dass solche Zahlungen f\u00fcr die angebotenen Ausr\u00fcstungen, Produkte, Dienstleistungen oder Zugriffe geleistet wurden und nicht f\u00fcr die tats\u00e4chlichen Fisherman Navigator Dienste.<\/p>\n\n\n\n<p>Obwohl wir derzeit keine Geb\u00fchren f\u00fcr die Nutzung der Fisherman Navigator Dienste auf mobilen Ger\u00e4ten erheben, beachten Sie bitte, dass bei der Nutzung der Fisherman Navigator Dienste auf mobilen Ger\u00e4ten Ihr Mobilfunkanbieter Ihnen m\u00f6glicherweise Daten- oder Internetzugangsgeb\u00fchren in Rechnung stellt. Pr\u00fcfen Sie daher bei Ihrem Mobilfunkanbieter, welche Geb\u00fchren anfallen, wenn Sie die Fisherman Navigator Dienste \u00fcber Ihr mobiles Ger\u00e4t nutzen.<\/p>\n\n\n\n<p>Es k\u00f6nnen zus\u00e4tzliche Geb\u00fchren f\u00fcr die Nutzung oder den Zugriff auf bestimmte Premium- oder Abonnementinhalte, Produkte oder Dienstleistungen (\u201ePremium Dienste\u201c) auf oder durch die Fisherman Navigator Dienste anfallen. Die Premium Dienste k\u00f6nnen zus\u00e4tzlichen Bedingungen unterliegen, die diese Vereinbarung erg\u00e4nzen. Sie m\u00fcssen solchen zus\u00e4tzlichen Bedingungen zustimmen, um auf Premium Dienste zugreifen zu k\u00f6nnen.<\/p>\n\n\n\n<h3 class=\"wp-block-heading\">Beendigung<\/h3>\n\n\n\n<p>Wir k\u00f6nnen jederzeit Ihren Zugriff auf die Fisherman Navigator Dienste beenden, Ihre Nutzung der Fisherman Navigator Dienste stornieren, \u00e4ndern, verschiedene Optionen und Funktionen f\u00fcr verschiedene Benutzer einf\u00fchren oder die Ver\u00f6ffentlichung weiterer Details der Benutzer in den verschiedenen Fisherman Navigator Verzeichnissen und Listen aus jeglichen Gr\u00fcnden, einschlie\u00dflich, aber nicht beschr\u00e4nkt darauf, wenn es nach eigenem Ermessen Ihre Nutzung f\u00fcr inakzeptabel h\u00e4lt oder im Falle eines Versto\u00dfes Ihrerseits gegen diese Vereinbarung, aussetzen. Wir sind nicht verpflichtet, Ihnen vor der Beendigung Ihrer Nutzung der Fisherman Navigator Dienste eine Warnung zu geben.<\/p>\n\n\n\n<h3 class=\"wp-block-heading\">Unterst\u00fctzung<\/h3>\n\n\n\n<p>Sie verstehen, dass Ihre Nutzung der Fisherman Navigator Dienste auf Ihr eigenes Risiko erfolgt und dass wir nicht verpflichtet sind, Ihnen jegliche Unterst\u00fctzung bereitzustellen. Unser Team ist nicht verpflichtet, Ihnen Fehlerkorrekturen, Aktualisierungen, Upgrades, Bugfixes und\/oder Verbesserungen der Software oder jeglicher Fisherman Navigator Dienste bereitzustellen.<\/p>\n\n\n\n<h3 class=\"wp-block-heading\">\u00c4nderungen der Vereinbarung<\/h3>\n\n\n\n<p>Wir k\u00f6nnen die Bedingungen dieser Vereinbarung von Zeit zu Zeit mit oder ohne vorherige Mitteilung an Sie \u00e4ndern, und es liegt in Ihrer Verantwortung, diese Vereinbarung auf \u00c4nderungen zu \u00fcberpr\u00fcfen. Durch die fortgesetzte Nutzung der Fisherman Navigator Dienste erkl\u00e4ren Sie Ihre Zustimmung zu der neuen oder \u00fcberarbeiteten Vereinbarung. Wenn Sie der \u00fcberarbeiteten Vereinbarung nicht zustimmen, sollten Sie die Nutzung der Fisherman Navigator Dienste einstellen. Vorbehaltlich des Vorstehenden stimmen Sie ferner zu, an die Bestimmungen der online verf\u00fcgbaren Vereinbarung gebunden zu sein, sofern diese Lizenz mit einem neueren Datum gekennzeichnet ist als die Lizenzvereinbarung, die Ihrer Software beiliegt.<\/p>\n\n\n\n<h3 class=\"wp-block-heading\">\u00dcbertragung von Rechten<\/h3>\n\n\n\n<p>Wir k\u00f6nnen, ohne Sie zu benachrichtigen oder Ihre Zustimmung einzuholen, unsere Rechte und Pflichten aus dieser Vereinbarung auf eine Tochtergesellschaft, ein verbundenes Unternehmen, einen Rechtsnachfolger oder einen Dritten in jeglicher Weise \u00fcbertragen, abtreten, unterlizenzieren oder verpf\u00e4nden. Sie d\u00fcrfen Ihre Rechte oder Pflichten aus dieser Vereinbarung nicht in irgendeiner Weise \u00fcbertragen, abtreten, delegieren, unterlizenzieren oder verpf\u00e4nden.<\/p>\n\n\n\n<p>Bei allen Fragen im Zusammenhang mit dieser Vereinbarung verwenden Sie bitte die E-Mail-Adresse <a>zakorchook.play@gmail.com<\/a>.<\/p>\n\n\n\n<p>Nur die russische Version dieses Dokuments hat rechtliche Wirkung. Jegliche \u00dcbersetzungen dieses Dokuments in andere Sprachen werden nur zu Ihrer Bequemlichkeit bereitgestellt.<\/p>\n\n\n\n<p>Copyright (c) 2018 Fisherman Navigator, Budeniy Stra\u00dfe 28\/108, Zhovti Vody, Ukraine.<\/p>\n\n\n\n<p>ALLE RECHTE VORBEHALTEN<\/p>\n\n\n\n<p><\/p>\n","protected":false},"excerpt":{"rendered":"<p>Die folgenden Nutzungsbedingungen von Fisherman Navigator sind eine Vereinbarung (die \u201eVereinbarung\u201c) zwischen Ihnen und unserem Team (das \u201eTeam\u201c, \u201eWir\u201c, \u201eUnser\u201c) und regeln Ihre Nutzung der Dienste und Werkzeuge von Fisherman Navigator, einschlie\u00dflich der Client-Software von Fisherman Navigator f\u00fcr mobile oder andere Plattformen, die vom Team bereitgestellt werden k\u00f6nnen, der Fisherman Navigator Produkte, der Tools und [&hellip;]<\/p>\n","protected":false},"author":1,"featured_media":0,"parent":0,"menu_order":0,"comment_status":"closed","ping_status":"closed","template":"","meta":{"footnotes":""},"class_list":["post-19","page","type-page","status-publish","hentry"],"translation":{"provider":"WPGlobus","version":"3.0.0","language":"de","enabled_languages":["ru","en","ua","de"],"languages":{"ru":{"title":true,"content":true,"excerpt":false},"en":{"title":true,"content":true,"excerpt":false},"ua":{"title":true,"content":true,"excerpt":false},"de":{"title":true,"content":true,"excerpt":false}}},"_links":{"self":[{"href":"https:\/\/fishermannavigator.com\/de\/wp-json\/wp\/v2\/pages\/19","targetHints":{"allow":["GET"]}}],"collection":[{"href":"https:\/\/fishermannavigator.com\/de\/wp-json\/wp\/v2\/pages"}],"about":[{"href":"https:\/\/fishermannavigator.com\/de\/wp-json\/wp\/v2\/types\/page"}],"author":[{"embeddable":true,"href":"https:\/\/fishermannavigator.com\/de\/wp-json\/wp\/v2\/users\/1"}],"replies":[{"embeddable":true,"href":"https:\/\/fishermannavigator.com\/de\/wp-json\/wp\/v2\/comments?post=19"}],"version-history":[{"count":12,"href":"https:\/\/fishermannavigator.com\/de\/wp-json\/wp\/v2\/pages\/19\/revisions"}],"predecessor-version":[{"id":829,"href":"https:\/\/fishermannavigator.com\/de\/wp-json\/wp\/v2\/pages\/19\/revisions\/829"}],"wp:attachment":[{"href":"https:\/\/fishermannavigator.com\/de\/wp-json\/wp\/v2\/media?parent=19"}],"curies":[{"name":"wp","href":"https:\/\/api.w.org\/{rel}","templated":true}]}}