{"id":18,"date":"2019-11-24T13:40:48","date_gmt":"2019-11-24T10:40:48","guid":{"rendered":"http:\/\/localhost\/wp\/?page_id=18"},"modified":"2024-12-27T16:53:20","modified_gmt":"2024-12-27T13:53:20","slug":"privacy-policy-2","status":"publish","type":"page","link":"https:\/\/fishermannavigator.com\/de\/privacy-policy-2\/","title":{"rendered":"Datenschutzerkl\u00e4rung"},"content":{"rendered":"\n<p>Der Fisherman Navigator (&#8220;Anwendung&#8221;) respektiert die Privatsph\u00e4re und Sicherheit der Informationen, die Benutzer mit uns teilen, indem sie unsere Dienste nutzen. Die Datenschutzerkl\u00e4rung beschreibt, wie die Anwendung Informationen der Endbenutzer sammelt, teilt, sch\u00fctzt oder anderweitig verwendet.<\/p>\n\n\n\n<p>Durch die Nutzung unserer Anwendung stimmen Sie vollst\u00e4ndig zu und verpflichten sich, die Bedingungen dieser Datenschutzerkl\u00e4rung einzuhalten, und geben ausdr\u00fccklich Ihre Zustimmung zur Verwendung Ihrer Informationen gem\u00e4\u00df der Datenschutzerkl\u00e4rung.<\/p>\n\n\n\n<p>Das Unternehmen beh\u00e4lt sich das Recht vor, die Datenschutzerkl\u00e4rung nach eigenem Ermessen jederzeit zu aktualisieren, indem es die neue Version hier ver\u00f6ffentlicht. Daher empfiehlt das Unternehmen, diese Datenschutzerkl\u00e4rung regelm\u00e4\u00dfig zu \u00fcberpr\u00fcfen und zu lesen, damit Sie stets \u00fcber die \u00c4nderungen informiert sind.<\/p>\n\n\n\n<h3 class=\"wp-block-heading policy-title\">1. Welche Daten verwenden wir und warum ben\u00f6tigen wir sie<\/h3>\n\n\n\n<p>1.1. Wir erhalten Informationen \u00fcber Ihren Standort von den Sensoren Ihres Ger\u00e4ts, um Ihnen Navigationsdienste bereitzustellen.<\/p>\n\n\n\n<p>1.2. Wir ben\u00f6tigen Zugriff auf Ihre Foto- und Multimediadateien, um mit Offline-Karten zu arbeiten, Tracks und Punkte zu importieren und zu exportieren, Fotos an Punkten zu verankern usw.<\/p>\n\n\n\n<p>1.3. Wir k\u00f6nnen Audio von Ihrem Mikrofon aufnehmen, um Ihnen das Abgeben eines Sprachkommentars beim Speichern eines Punktes zu erm\u00f6glichen. Diese Informationen werden auf Ihrem Ger\u00e4t gespeichert und von uns niemals an andere Orte \u00fcbertragen.<\/p>\n\n\n\n<p>1.4. Wir kontaktieren oder sammeln bewusst keine pers\u00f6nlichen Informationen von Kindern unter 13 Jahren. Wenn Sie glauben, dass wir versehentlich solche Informationen gesammelt haben, kontaktieren Sie uns bitte, damit wir umgehend die Zustimmung der Eltern einholen oder die Informationen entfernen k\u00f6nnen.<\/p>\n\n\n\n<p>1.5. Wir k\u00f6nnen einige Komponenten von Drittanbietern verwenden, um unsere Dienste zu verbessern. Die Beschreibung dieser Komponenten und die Daten, die sie sammeln, werden weiter unten in dieser Richtlinie bereitgestellt.<\/p>\n\n\n\n<p>1.6. Wir verwenden Google Analytics und Google Signals auf dieser Website, um unsere Zielgruppe besser zu verstehen. Google kann zus\u00e4tzliche Daten sammeln, um seine Dienste bereitzustellen.<\/p>\n\n\n\n<h3 class=\"wp-block-heading policy-title\">2. Offenlegung und \u00dcbertragung von Daten<\/h3>\n\n\n\n<p>2.1. Wir k\u00f6nnen die gesammelten Daten verwenden, um die Nutzung der Dienste zu analysieren, Werbung auszuliefern, die Dienste und Produkte zu verwalten und bereitzustellen sowie Partnerschaftsprogramme umzusetzen. F\u00fcr diese Zwecke k\u00f6nnen wir Daten an Partner weitergeben, mit denen wir vertragliche Verpflichtungen haben und\/oder die \u00fcber eigene spezifische Servicetechnologien und Zahlungsdienste verf\u00fcgen (falls vorhanden).<\/p>\n\n\n\n<p>2.2. Sie erkennen an und stimmen zu, dass die von Partnern genutzte Analytik die gesammelten Daten mit anderen Informationen kombinieren kann, die sie unabh\u00e4ngig von anderen Diensten oder Produkten, die Ihre Aktivit\u00e4ten betreffen, gesammelt haben. Diese Partner sammeln und verwenden Informationen gem\u00e4\u00df ihren eigenen Datenschutzerkl\u00e4rungen.<\/p>\n\n\n\n<p>2.3. Das Unternehmen kann Ihre Daten auch an Dritte weitergeben, wenn wir einen Grund zu der Annahme haben, dass eine Offenlegung notwendig ist, um potenzielle oder tats\u00e4chliche Sch\u00e4den oder Eingriffe in unser (oder dessen Tochtergesellschaften) geistiges Eigentum, Betrieb, Nutzer oder andere Personen, die Schaden nehmen oder Verluste erleiden k\u00f6nnten, zu beheben, oder wenn wir erkennen, dass eine solche Offenlegung notwendig ist, um unsere (oder die Tochtergesellschaften) Rechte zu sch\u00fctzen, Betrug zu bek\u00e4mpfen und\/oder einer gerichtlichen Verf\u00fcgung, einem Gerichtsbeschluss oder einem rechtlichen Verfahren, das dem Unternehmen oder seinen Tochtergesellschaften vorgelegt wurde, nachzukommen.<\/p>\n\n\n\n<p>2.4. Wir haben das Recht, Daten als Reaktion auf rechtliche Verfahren offenzulegen, zum Beispiel als Reaktion auf einen Gerichtsbeschluss. Das Unternehmen kann solche Informationen auch auf Anfrage einer Strafverfolgungsbeh\u00f6rde oder wenn wir glauben, dass es notwendig ist, um illegale Aktivit\u00e4ten, verd\u00e4chtige Betrugsf\u00e4lle, Situationen mit potenziellen Bedrohungen f\u00fcr die physische Sicherheit einer Person, Verst\u00f6\u00dfe gegen unsere Nutzungsbedingungen oder wie sonst gesetzlich vorgeschrieben, zu untersuchen, zu verhindern oder Ma\u00dfnahmen zu ergreifen, offenzulegen.<\/p>\n\n\n\n<p>2.5. Wir k\u00f6nnen Daten \u00fcber Endbenutzer \u00fcbertragen, wenn die Anwendung von einem anderen Unternehmen erworben, an ein anderes Unternehmen verkauft oder mit einem anderen Unternehmen fusioniert wird.<\/p>\n\n\n\n<h3 class=\"wp-block-heading policy-title\">3. Sicherheitsma\u00dfnahmen<\/h3>\n\n\n\n<p>3.1. Wir stellen die Dienste hiermit auf der Basis &#8220;WIE BESEHEN&#8221; unter den Bedingungen dieser Datenschutzerkl\u00e4rung und anderer geeigneter Dokumente bereit.<\/p>\n\n\n\n<p>3.2. Wir werden Daten auf eine Weise sch\u00fctzen, die mit dieser Datenschutzerkl\u00e4rung \u00fcbereinstimmt, zum Beispiel indem wir die Informationen nicht f\u00fcr andere Zwecke verwenden, als die Durchf\u00fchrung der von uns erbrachten Dienste.<\/p>\n\n\n\n<p>3.3. Obwohl wir geeignete Ma\u00dfnahmen ergreifen, um unbefugte Offenlegungen von Daten zu verhindern, kann das Unternehmen dem Benutzer nicht versichern, dass gesammelte Daten niemals in einer Weise offengelegt werden, die mit dieser Datenschutzerkl\u00e4rung unvereinbar ist, und dass die Sicherheitsma\u00dfnahmen perfekt oder un\u00fcberwindbar sind.<\/p>\n\n\n\n<p>3.4. Der Benutzer erkennt an, dass alle Daten, die er \u00fcber Karten, Foren, Blogs, Diagramme, Kommentare oder \u00e4hnliches offenlegt, \u00f6ffentliche Informationen sind, die nicht als vertraulich gelten und nicht vor der Offenlegung gesch\u00fctzt sind.<\/p>\n\n\n\n<h3 class=\"wp-block-heading policy-title\">4. Datenverarbeitung, -\u00e4nderung und -aufbewahrung<\/h3>\n\n\n\n<p>4.1. Alle Benutzerdaten werden auf den Ger\u00e4ten der Benutzer gespeichert, daher speichern wir keine Informationen \u00fcber Benutzer. Unsere Partner und Drittanbieter-Komponenten, die in der Anwendung verwendet werden, k\u00f6nnen Ihre Daten jedoch eigenst\u00e4ndig gem\u00e4\u00df ihren Datenschutzerkl\u00e4rungen speichern oder verarbeiten.<\/p>\n\n\n\n<p>4.2. Die Anwendung arbeitet international und kann Partner aus verschiedenen L\u00e4ndern haben, sodass die Daten in allen L\u00e4ndern weltweit verarbeitet werden k\u00f6nnen.<\/p>\n\n\n\n<h3 class=\"wp-block-heading policy-title\">5. JedAI SDK, betrieben von Anagog. Funktionalit\u00e4t &#8220;Raw Mobility Status&#8221;.<\/h3>\n\n\n\n<p>5.1. Der &#8220;Raw Mobility Status&#8221; bietet die Echtzeit-Erkennung des Zustands des Benutzerger\u00e4ts. Dank Anagog k\u00f6nnen wir verstehen, ob Sie fahren oder gehen, parken oder ein Auto verlassen haben.<\/p>\n\n\n\n<p>5.2. Diese Funktionalit\u00e4t wird von einem JedAI SDK des Unternehmens Anagog Ltd. bereitgestellt. Wir bieten keine Art von Garantie und \u00fcbernehmen keine Haftung f\u00fcr den Raw Mobility Status und die von Anagog abgeleiteten Standortdaten.<\/p>\n\n\n\n<p>5.3. Die Funktion kann \u00fcber das Anwendungsmen\u00fc aktiviert und deaktiviert werden. Wenn ein Benutzer die Funktion deaktiviert, wird das SDK deaktiviert oder Ihre Daten werden vom SDK nicht mehr gesammelt.<\/p>\n\n\n\n<p>5.4. Anagog sammelt Signale und Daten von den verschiedenen Sensoren Ihres Ger\u00e4ts, wie Beschleunigungsmesser, GPS, Barometer, WiFi, Bluetooth, Mobilfunknetz, Gyroskop, NFC, Magnetometer und anderen eingebauten Sensoren. Diese Signale und Daten werden verwendet, um Informationen \u00fcber Ihren Mobilit\u00e4tsstatus, Ihren Standort und Ihre Demografie zu erhalten und anonymisierte Analysen (einschlie\u00dflich pr\u00e4diktiver Analysen) in Bezug darauf durchzuf\u00fchren.<\/p>\n\n\n\n<p>5.5. Anagog kann Ihre Standortinformationen auch verwenden, um aggregierte anonyme Daten zu erstellen und solche Daten gem\u00e4\u00df seiner Datenschutzerkl\u00e4rung zu nutzen.<\/p>\n\n\n\n<p>5.6. F\u00fcr die korrekte Arbeit werden pers\u00f6nliche und\/oder sensible Informationen (einschlie\u00dflich Batterieverbrauch, Daten zur Verbindung von Wifi- und Bluetooth-Systemen, Ger\u00e4tetyp, Standort, Betriebssystem, Sensoreingaben und Systemabsturzinformationen) von der Anwendung und dem SDK gesammelt, und die Funktionen, die dies tun, werden auch dann genutzt, wenn die Anwendung geschlossen ist, und mit der Anwendung und Anagog geteilt.<\/p>\n\n\n\n<p>5.7. Die gesammelten Informationen k\u00f6nnen von uns und\/oder Dritten f\u00fcr eigene Zwecke verwendet werden, einschlie\u00dflich der Kommerzialisierung solcher Informationen.<\/p>\n\n\n\n<p>5.8. Um diese Funktion zu nutzen, muss der Benutzer \u00e4lter als 13 Jahre sein oder, wenn er j\u00fcnger als 13 Jahre ist, eine Zustimmung eines Erwachsenen haben.<\/p>\n\n\n\n<p>5.9. Durch die Nutzung der Anwendung stimmt der Benutzer diesen Bedingungen sowie den anderen, in der Datenschutzerkl\u00e4rung und den Nutzungsbedingungen erl\u00e4uterten Bedingungen zu.<\/p>\n\n\n\n<h3 class=\"wp-block-heading policy-title\">6. Anwendbares Recht<\/h3>\n\n\n\n<p>6.1. Diese Vereinbarung unterliegt dem Recht der Ukraine, wird nach diesem Recht ausgelegt und durchgesetzt, ungeachtet seiner Kollisionsnormen.<\/p>\n\n\n\n<h3 class=\"wp-block-heading policy-title\">7. Kontakte<\/h3>\n\n\n\n<p>7.1. Wenn Sie Fragen oder Bedenken bez\u00fcglich der Datenschutzerkl\u00e4rung oder ihrer Umsetzung haben, kontaktieren Sie uns bitte unter <a>zakorchook.play@gmail.com<\/a>.<\/p>\n\n\n\n<p><\/p>\n","protected":false},"excerpt":{"rendered":"<p>Der Fisherman Navigator (&#8220;Anwendung&#8221;) respektiert die Privatsph\u00e4re und Sicherheit der Informationen, die Benutzer mit uns teilen, indem sie unsere Dienste nutzen. Die Datenschutzerkl\u00e4rung beschreibt, wie die Anwendung Informationen der Endbenutzer sammelt, teilt, sch\u00fctzt oder anderweitig verwendet. Durch die Nutzung unserer Anwendung stimmen Sie vollst\u00e4ndig zu und verpflichten sich, die Bedingungen dieser Datenschutzerkl\u00e4rung einzuhalten, und geben [&hellip;]<\/p>\n","protected":false},"author":1,"featured_media":0,"parent":0,"menu_order":0,"comment_status":"closed","ping_status":"closed","template":"","meta":{"footnotes":""},"class_list":["post-18","page","type-page","status-publish","hentry"],"translation":{"provider":"WPGlobus","version":"3.0.0","language":"de","enabled_languages":["ru","en","ua","de"],"languages":{"ru":{"title":true,"content":true,"excerpt":false},"en":{"title":true,"content":true,"excerpt":false},"ua":{"title":true,"content":true,"excerpt":false},"de":{"title":true,"content":true,"excerpt":false}}},"_links":{"self":[{"href":"https:\/\/fishermannavigator.com\/de\/wp-json\/wp\/v2\/pages\/18","targetHints":{"allow":["GET"]}}],"collection":[{"href":"https:\/\/fishermannavigator.com\/de\/wp-json\/wp\/v2\/pages"}],"about":[{"href":"https:\/\/fishermannavigator.com\/de\/wp-json\/wp\/v2\/types\/page"}],"author":[{"embeddable":true,"href":"https:\/\/fishermannavigator.com\/de\/wp-json\/wp\/v2\/users\/1"}],"replies":[{"embeddable":true,"href":"https:\/\/fishermannavigator.com\/de\/wp-json\/wp\/v2\/comments?post=18"}],"version-history":[{"count":9,"href":"https:\/\/fishermannavigator.com\/de\/wp-json\/wp\/v2\/pages\/18\/revisions"}],"predecessor-version":[{"id":809,"href":"https:\/\/fishermannavigator.com\/de\/wp-json\/wp\/v2\/pages\/18\/revisions\/809"}],"wp:attachment":[{"href":"https:\/\/fishermannavigator.com\/de\/wp-json\/wp\/v2\/media?parent=18"}],"curies":[{"name":"wp","href":"https:\/\/api.w.org\/{rel}","templated":true}]}}