{"id":17,"date":"2019-11-24T13:40:48","date_gmt":"2019-11-24T10:40:48","guid":{"rendered":"http:\/\/localhost\/wp\/?page_id=17"},"modified":"2024-12-29T13:38:30","modified_gmt":"2024-12-29T10:38:30","slug":"%d0%bf%d1%80%d0%be%d0%b1%d0%bb%d0%b5%d0%bc%d1%8b%d1%80%d0%b5%d1%88%d0%b5%d0%bd%d0%b8%d1%8f","status":"publish","type":"page","link":"https:\/\/fishermannavigator.com\/de\/%d0%bf%d1%80%d0%be%d0%b1%d0%bb%d0%b5%d0%bc%d1%8b%d1%80%d0%b5%d1%88%d0%b5%d0%bd%d0%b8%d1%8f\/","title":{"rendered":"Probleme &amp; L\u00f6sungen"},"content":{"rendered":"\n<p class=\"problem-solution-sub-text\">Auf dieser Seite werde ich eine Kolumne \u00fcber Probleme f\u00fchren, \u00fcber die sich einige Nutzer der App beschweren, und werde Wege zu deren L\u00f6sung aufzeigen.<\/p>\n\n\n\n<p><\/p>\n\n\n\n<p class=\"has-luminous-vivid-orange-color has-text-color has-link-color has-large-font-size wp-elements-d5720a086c6f1441ab13fcdeeba1391e\"><strong>Achtung!<\/strong><\/p>\n\n\n\n<p class=\"has-luminous-vivid-orange-color has-text-color has-link-color wp-elements-6168f95a374955f1aa68e52f3df4b7cc\">In letzter Zeit gibt es ein gro\u00dfes Problem mit der Aktualisierung der App. Google lehnt unser Update seit mehreren Monaten ab, ohne einen Grund anzugeben. Wir tun alles M\u00f6gliche, um den Verifizierungsprozess abzuschlie\u00dfen und das Update verf\u00fcgbar zu machen, aber leider liegt dies nicht in unserer Macht. W\u00e4hrend wir uns mit der B\u00fcrokratie auseinandersetzen, k\u00f6nnen Sie die aktualisierte Version der App in unserem Telegram-Kanal herunterladen: @navigator_susanin (<a href=\"https:\/\/t.me\/navigator_susanin\">https:\/\/t.me\/navigator_susanin<\/a>).<\/p>\n\n\n\n<p class=\"has-luminous-vivid-orange-color has-text-color has-link-color wp-elements-fff1d12ee484ff1602827d1ee2dda25d\">Wir entschuldigen uns f\u00fcr die Unannehmlichkeiten und danken Ihnen f\u00fcr Ihr Verst\u00e4ndnis!<\/p>\n\n\n\n<p><\/p>\n\n\n\n<p><\/p>\n\n\n\n<p><\/p>\n\n\n\n<h3 class=\"wp-block-heading has-vivid-red-color has-text-color\"><strong>Problem<\/strong>:<\/h3>\n\n\n\n<ul class=\"wp-block-list\">\n<li>Ich habe ein Huawei-Telefon und aus irgendeinem Grund zeigt die App Navigator des Fischers keine Karte, nur einen wei\u00dfen Bildschirm\u2026<\/li>\n\n\n\n<li>Mein Huawei-Telefon funktionierte fr\u00fcher einwandfrei, aber nachdem ich das letzte Systemupdate von Huawei installiert habe, zeigt die App keine Karte mehr, sondern einen grauen Bildschirm und eine Meldung\u2026<\/li>\n<\/ul>\n\n\n\n<p>Ich denke, dass ein \u00e4hnliches Problem nicht nur f\u00fcr Huawei aktuell sein k\u00f6nnte. Wenn Sie also ein anderes Telefonmodell haben, aber dasselbe Problem auftritt, sollten Sie die empfohlene L\u00f6sung ausprobieren.<\/p>\n\n\n\n<figure class=\"wp-block-gallery alignleft has-nested-images columns-default is-cropped wp-block-gallery-1 is-layout-flex wp-block-gallery-is-layout-flex\">\n<figure class=\"wp-block-image size-large\"><img loading=\"lazy\" decoding=\"async\" width=\"271\" height=\"522\" data-id=\"162\" src=\"https:\/\/fishermannavigator.com\/wp-content\/uploads\/2019\/11\/unnamed-13.png\" alt=\"\" class=\"wp-image-162\" srcset=\"https:\/\/fishermannavigator.com\/wp-content\/uploads\/2019\/11\/unnamed-13.png 271w, https:\/\/fishermannavigator.com\/wp-content\/uploads\/2019\/11\/unnamed-13-156x300.png 156w\" sizes=\"auto, (max-width: 271px) 100vw, 271px\" \/><\/figure>\n<\/figure>\n\n\n\n<h3 class=\"wp-block-heading has-light-green-cyan-color has-text-color\">L\u00f6sung:<\/h3>\n\n\n\n<p>Nachdem ich die Beschwerden der Nutzer und andere Informationen analysiert habe, bin ich zu dem Schluss gekommen, dass das Problem mit den Updates der Google Play-Dienste zusammenh\u00e4ngt. Im Update gibt es offenbar einige Fehler, die zu Problemen mit den Google-Diensten f\u00fchren, einschlie\u00dflich der Karten. Hier ist der Link zur Quelle: <a href=\"https:\/\/productforums.google.com\/forum\/#!topic\/play\/xfLz_9emKs0\">https:\/\/productforums.google.com\/forum\/#!topic\/play\/xfLz_9emKs0<\/a><\/p>\n\n\n\n<p>Die Mitarbeiter von Google arbeiten bereits an einer neuen Version der Play-Dienste, die alles beheben wird.<\/p>\n\n\n\n<p>In der Zwischenzeit hat mir einer der App-Nutzer (Gott segne ihn!) erz\u00e4hlt, wie er es geschafft hat, dieses Problem zu l\u00f6sen. Die Schritte sind wie folgt:<\/p>\n\n\n\n<ul class=\"wp-block-list\">\n<li>L\u00f6schen Sie die App Google Play-Dienste.<\/li>\n\n\n\n<li>Starten Sie das Telefon neu.<\/li>\n\n\n\n<li>Installieren Sie die Google Play-Dienste erneut aus dem Play Store. Hier ist zur Sicherheit der Link: <a href=\"https:\/\/play.google.com\/store\/apps\/details?id=com.google.android.gms\">https:\/\/play.google.com\/store\/apps\/details?id=com.google.android.gms<\/a><\/li>\n<\/ul>\n\n\n\n<figure class=\"wp-block-embed\"><div class=\"wp-block-embed__wrapper\">\nhttps:\/\/play.google.com\/store\/apps\/details?id=com.google.android.gms\n<\/div><\/figure>\n\n\n\n<p><em><strong>Es ist zu beachten, dass dies bis zum Neustart des Telefons funktioniert. Danach m\u00fcssen die Schritte erneut durchgef\u00fchrt werden.<\/strong><\/em><\/p>\n\n\n\n<h3 class=\"wp-block-heading has-vivid-red-color has-text-color\"><strong>Problem: Funktioniert der &#8220;Punkt-Suchmodus&#8221; nicht<\/strong><\/h3>\n\n\n\n<ul class=\"wp-block-list\">\n<li>\u2026wenn ich die Sprachansagen auf Russisch ausw\u00e4hle, sagt es, dass das Telefon diese Sprache nicht unterst\u00fctzt, und verl\u00e4sst sofort den Punkt-Suchmodus. Mit Englisch funktioniert es jedoch einwandfrei\u2026<\/li>\n\n\n\n<li>Ich w\u00e4hle einen Punkt, dr\u00fccke auf den Suchmodus, und es erscheint &#8220;Sprache wird von Ihrem Ger\u00e4t nicht unterst\u00fctzt&#8221; und dann &#8220;Verlasse den Suchmodus&#8221;.<br>Bitte sagen Sie mir, was falsch ist\u2026<\/li>\n\n\n\n<li>Beim Dr\u00fccken auf einen Punkt und dem Eintritt in den Punkt-Suchmodus erscheint die Nachricht \u2013 Diese Sprache wird von Ihrem Ger\u00e4t nicht unterst\u00fctzt und die Suche wird geschlossen! \u2026<\/li>\n<\/ul>\n\n\n\n<h3 class=\"wp-block-heading has-light-green-cyan-color has-text-color\">L\u00f6sung<\/h3>\n\n\n\n<p>Vor einigen Monaten habe ich den &#8220;Punkt-Suchmodus&#8221; etwas verbessert, zus\u00e4tzliche Einstellungen hinzugef\u00fcgt und vor allem in den Sprachansagen meine Stimme durch eine computergenerierte weibliche Stimme ersetzt, die lauter und klarer ist. Aber anscheinend unterst\u00fctzen nicht alle Ger\u00e4te die Computerstimme. Man will das Beste machen, aber es kommt anders als geplant \ud83d\ude42 .<\/p>\n\n\n\n<p>Gl\u00fccklicherweise habe ich ein solches Szenario vorgesehen, damit niemand entt\u00e4uscht bleibt.<\/p>\n\n\n\n<p><strong>1)<\/strong> Am besten versuchen Sie, ein Sprachpaket f\u00fcr die russische Sprache auf Ihrem Ger\u00e4t zu installieren. Dies geschieht \u00fcber die Einstellungen des Telefons. Bei verschiedenen Telefonmodellen kann dies unterschiedlich sein. Hier ist ein Beispiel, das zu 100% f\u00fcr Samsung funktioniert:<strong>Android 6.0 (Marshmallow)<\/strong><ul><li>Gehen Sie in die globalen Einstellungen des Telefons (Zahnrad).<\/li><li>W\u00e4hlen Sie Sprache und Eingabe.<\/li><li>Unter &#8216;Sprache&#8217; w\u00e4hlen Sie Einstellungen des Sprachsynthesizers.<\/li><li>W\u00e4hlen Sie den gew\u00fcnschten Sprachsynthesizer:<ul><li>Samsung Sprachsynthesizer<\/li><li>Google Sprachsynthesizer<\/li><\/ul><\/li><li>Klicken Sie dann auf das Einstellungssymbol (Zahnrad) neben dem gew\u00fcnschten Sprachsynthesizer.<\/li><li>W\u00e4hlen Sie Sprachdaten installieren.<\/li><li>F\u00fcr die gew\u00fcnschten Sprachen (in unserem Fall Russisch) klicken Sie auf Laden oder das Symbol, das Laden bedeutet.<\/li><li>Warten Sie, bis die Sprachen heruntergeladen sind. Dies kann einige Minuten dauern.<\/li><li>Gehen Sie zur\u00fcck und versuchen Sie es erneut.<\/li><\/ul><strong>Android 7.0 (Nougat)<\/strong><ul><li>Gehen Sie in die globalen Einstellungen des Telefons (Zahnrad).<\/li><li>W\u00e4hlen Sie System.<\/li><li>W\u00e4hlen Sie Sprache und Eingabe.<\/li><li>Unter &#8216;Sprache&#8217; w\u00e4hlen Sie Einstellungen des Sprachsynthesizers.<\/li><li>W\u00e4hlen Sie den gew\u00fcnschten Sprachsynthesizer:<ul><li>Samsung Sprachsynthesizer<\/li><li>Google Sprachsynthesizer<\/li><\/ul><\/li><li>Klicken Sie dann auf das Einstellungssymbol (Zahnrad) neben dem gew\u00fcnschten Sprachsynthesizer.<\/li><li>W\u00e4hlen Sie Sprachdaten installieren.<\/li><li>F\u00fcr die gew\u00fcnschten Sprachen (in unserem Fall Russisch) klicken Sie auf Laden oder das Symbol, das Laden bedeutet.<\/li><li>Warten Sie, bis die Sprachen heruntergeladen sind. Dies kann einige Minuten dauern.<\/li><li>Gehen Sie zur\u00fcck und versuchen Sie es erneut.<\/li><\/ul>F\u00fcr andere Telefon- und Tablet-Modelle sollte es mehr oder weniger genauso sein. Wenn es nicht klappt, fragen Sie Google. Wenn Sie die Einstellungen des Sprachsynthesizers dennoch nicht \u00fcberwinden k\u00f6nnen, hat Susanin immer einen Plan &#8220;B&#8221; und sogar &#8220;C&#8221; \ud83d\ude42<\/p>\n\n\n\n<p>2) Ich habe vorausgesehen, dass es Probleme mit der Computerstimme geben k\u00f6nnte, und daher die M\u00f6glichkeit hinzugef\u00fcgt, zum alten Suchmodus (mit meiner Stimme) zur\u00fcckzukehren. Einstellungen &#8211; Sprachansagen &#8211; Neuer Punkt-Suchmodus &#8211; ausschalten.<\/p>\n\n\n\n<p>3) Sie k\u00f6nnen versuchen, die Sprachansagen ganz zu deaktivieren. Allerdings, wenn in Ihrem Punkt-Suchmodus die Sprachansagen f\u00fcr Sie in erster Linie wichtig sind, entf\u00e4llt diese Option.<\/p>\n\n\n\n<h3 class=\"wp-block-heading has-vivid-red-color has-text-color\"><strong>Problem: Die Aufzeichnung der Strecke funktioniert nicht korrekt<\/strong><\/h3>\n\n\n\n<p><strong>Aus E-Mails und Kommentaren von Nutzern:<\/strong><\/p>\n\n\n\n<ul class=\"wp-block-list\">\n<li>\u2026Aus irgendeinem Grund zeichnet die App keine Strecke auf, vorher war alles in Ordnung, was k\u00f6nnte die Ursache sein?\u2026<\/li>\n\n\n\n<li>\u2026in letzter Zeit sind seltsame Dinge passiert. Fr\u00fcher wurde die Strecke genau aufgezeichnet, jetzt werden sie gerade Linien\u2026.<\/li>\n\n\n\n<li>\u2026ich habe ein Xiaomi Redmi 5+ gekauft und die Strecken werden jetzt chaotisch aufgezeichnet, als ich noch ein Samsung hatte, war alles perfekt\u2026<\/li>\n<\/ul>\n\n\n\n<h3 class=\"wp-block-heading has-light-green-cyan-color has-text-color\">L\u00f6sung:<\/h3>\n\n\n\n<p>Wie Sie sehen, ist das Problem weit verbreitet, daher f\u00fcge ich auf der Website Wege zu dessen L\u00f6sung hinzu.<\/p>\n\n\n\n<p>Bei meinem Xiaomi MI A2, als ich es gerade gekauft hatte, gab es Probleme mit der Genauigkeit der Standortbestimmung, und die Strecke wurde \u00fcberhaupt nicht aufgezeichnet. Ich war schon entt\u00e4uscht, dass das GPS schlecht war, aber dann fand ich online eine L\u00f6sung. Man musste Folgendes tun:<\/p>\n\n\n\n<ul class=\"wp-block-list\">\n<li>Einstellungen -&gt; Sicherheit und Standort -&gt; Standort -&gt; Suche -&gt; Wi-Fi-Netzwerksuche &#8211; Ausschalten.<\/li>\n<\/ul>\n\n\n\n<p>Das hat sofort geholfen. Versuchen Sie es, vielleicht hilft es Ihnen auch.<\/p>\n\n\n\n<p>Die zweite Option ist nicht nur f\u00fcr Xiaomi m\u00f6glich, sondern auch f\u00fcr viele neue Telefone, einschlie\u00dflich Samsung und Huawei. Das Problem ist, dass bei einigen modernen Firmware-Versionen standardm\u00e4\u00dfig allen Apps verboten ist, im Hintergrund zu arbeiten. Das hei\u00dft, Sie beginnen die Streckenaufzeichnung, schalten den Bildschirm aus, und die App h\u00f6rt auf zu arbeiten. Dann schalten Sie den Bildschirm wieder ein und sehen gerade Linien, weil die App nur die ersten und letzten Punkte der Strecke aufgezeichnet hat.<\/p>\n\n\n\n<p>Das ist l\u00f6sbar. Sie m\u00fcssen in den Einstellungen finden, wo diese Berechtigungen sind, und Susanin erlauben, im Hintergrund zu arbeiten und GPS im Hintergrund zu verwenden, oder eines von beiden.<\/p>\n\n\n\n<p>Ein weiterer Fall bei mir: Ich ging in den Wald, begann die Strecke aufzuzeichnen \u2013 aber sie wurde nicht aufgezeichnet, wenn der Bildschirm ausgeschaltet war. Es entstanden dann Zickzacklinien und gerade Linien. Ich dachte, das Update der Firmware h\u00e4tte das verursacht. Es stellte sich heraus, dass ich einfach den Energiesparmodus am Telefon aktiviert hatte, was diesen Effekt ebenfalls verursacht \ud83d\ude42<\/p>\n\n\n\n<p>Hier sind auch einige Tipps von Nutzern, die dieses Problem erfolgreich gel\u00f6st haben:<\/p>\n\n\n\n<ul class=\"wp-block-list\">\n<li>\u2026Es hat alles geklappt\ud83d\ude00! Ich ging in die Einstellungen der App selbst. Unter Aktivit\u00e4tskontrolle war ein H\u00e4kchen im intelligenten Modus. Ich \u00e4nderte es auf keine Einschr\u00e4nkungen und alles funktionierte! Ger\u00e4t: Xiaomi Redmi Note 6 Pro.\u2026<\/li>\n\n\n\n<li>\u2026in letzter Zeit sind seltsame Dinge passiert. Fr\u00fcher wurde die Strecke genau aufgezeichnet, jetzt werden sie gerade Linien\u2026.<\/li>\n\n\n\n<li>\u2026In den Einstellungen blockierte es sowohl die App als auch das GPS, sobald der Bildschirm ausgeschaltet wurde. Gel\u00f6st. Danke f\u00fcr den Hinweis\u2026<\/li>\n\n\n\n<li>\u2026Ich fand den Grund \u2013 in der Aktivit\u00e4tskontrolle habe ich &#8220;ohne Einschr\u00e4nkungen&#8221; eingestellt \u2013 alles funktionierte!<\/li>\n<\/ul>\n","protected":false},"excerpt":{"rendered":"<p>Auf dieser Seite werde ich eine Kolumne \u00fcber Probleme f\u00fchren, \u00fcber die sich einige Nutzer der App beschweren, und werde Wege zu deren L\u00f6sung aufzeigen. Achtung! In letzter Zeit gibt es ein gro\u00dfes Problem mit der Aktualisierung der App. Google lehnt unser Update seit mehreren Monaten ab, ohne einen Grund anzugeben. Wir tun alles M\u00f6gliche, [&hellip;]<\/p>\n","protected":false},"author":1,"featured_media":0,"parent":0,"menu_order":0,"comment_status":"closed","ping_status":"closed","template":"","meta":{"footnotes":""},"class_list":["post-17","page","type-page","status-publish","hentry"],"translation":{"provider":"WPGlobus","version":"3.0.0","language":"de","enabled_languages":["ru","en","ua","de"],"languages":{"ru":{"title":true,"content":true,"excerpt":false},"en":{"title":true,"content":true,"excerpt":false},"ua":{"title":true,"content":true,"excerpt":false},"de":{"title":true,"content":true,"excerpt":false}}},"_links":{"self":[{"href":"https:\/\/fishermannavigator.com\/de\/wp-json\/wp\/v2\/pages\/17","targetHints":{"allow":["GET"]}}],"collection":[{"href":"https:\/\/fishermannavigator.com\/de\/wp-json\/wp\/v2\/pages"}],"about":[{"href":"https:\/\/fishermannavigator.com\/de\/wp-json\/wp\/v2\/types\/page"}],"author":[{"embeddable":true,"href":"https:\/\/fishermannavigator.com\/de\/wp-json\/wp\/v2\/users\/1"}],"replies":[{"embeddable":true,"href":"https:\/\/fishermannavigator.com\/de\/wp-json\/wp\/v2\/comments?post=17"}],"version-history":[{"count":24,"href":"https:\/\/fishermannavigator.com\/de\/wp-json\/wp\/v2\/pages\/17\/revisions"}],"predecessor-version":[{"id":877,"href":"https:\/\/fishermannavigator.com\/de\/wp-json\/wp\/v2\/pages\/17\/revisions\/877"}],"wp:attachment":[{"href":"https:\/\/fishermannavigator.com\/de\/wp-json\/wp\/v2\/media?parent=17"}],"curies":[{"name":"wp","href":"https:\/\/api.w.org\/{rel}","templated":true}]}}